{"id":40,"date":"2023-04-25T17:32:56","date_gmt":"2023-04-25T17:32:56","guid":{"rendered":"https:\/\/cieduca.com.co\/contact-us\/"},"modified":"2023-04-25T17:32:56","modified_gmt":"2023-04-25T17:32:56","slug":"contact-us","status":"publish","type":"page","link":"https:\/\/cieduca.com.co\/?page_id=40","title":{"rendered":"Contact Us"},"content":{"rendered":"\n\n\n<p style=\"text-align: center\">Go to SitePad Editor to add your own text and edit me<\/p>\n\n\n\n\nNew York, New York, USA\n\n\n\n\n\n\n\n\n<h4>If u have any questions feel free to message us<\/h4>\n\n\n\n\n\n\n\n<h2>Contact Us<\/h2>\n\n\n\n\nMon \u2013 Sat open, sunday closed\n\n\n\n\n","protected":false},"excerpt":{"rendered":"","protected":false},"author":0,"featured_media":0,"parent":0,"menu_order":0,"comment_status":"closed","ping_status":"closed","template":"","meta":{"nf_dc_page":"","_et_pb_use_builder":"","_et_pb_old_content":"","_et_gb_content_width":"","om_disable_all_campaigns":false,"pagelayer_contact_templates":[],"_pagelayer_content":"","footnotes":""},"class_list":["post-40","page","type-page","status-publish","hentry"],"yoast_head":"<!-- This site is optimized with the Yoast SEO plugin v27.5 - https:\/\/yoast.com\/product\/yoast-seo-wordpress\/ -->\n<title>Contact Us - Corporaci\u00f3n para la Investigaci\u00f3n y la Educaci\u00f3n<\/title>\n<meta name=\"robots\" content=\"index, follow, max-snippet:-1, max-image-preview:large, max-video-preview:-1\" \/>\n<link rel=\"canonical\" href=\"https:\/\/cieduca.com.co\/?page_id=40\" \/>\n<meta property=\"og:locale\" content=\"es_ES\" \/>\n<meta property=\"og:type\" content=\"article\" \/>\n<meta property=\"og:title\" content=\"Contact Us - Corporaci\u00f3n para la Investigaci\u00f3n y la Educaci\u00f3n\" \/>\n<meta property=\"og:url\" content=\"https:\/\/cieduca.com.co\/?page_id=40\" \/>\n<meta property=\"og:site_name\" content=\"Corporaci\u00f3n para la Investigaci\u00f3n y la Educaci\u00f3n\" \/>\n<meta name=\"twitter:card\" content=\"summary_large_image\" \/>\n<script type=\"application\/ld+json\" class=\"yoast-schema-graph\">{\"@context\":\"https:\\\/\\\/schema.org\",\"@graph\":[{\"@type\":\"WebPage\",\"@id\":\"https:\\\/\\\/cieduca.com.co\\\/?page_id=40\",\"url\":\"https:\\\/\\\/cieduca.com.co\\\/?page_id=40\",\"name\":\"Contact Us - Corporaci\u00f3n para la Investigaci\u00f3n y la Educaci\u00f3n\",\"isPartOf\":{\"@id\":\"https:\\\/\\\/cieduca.com.co\\\/#website\"},\"datePublished\":\"2023-04-25T17:32:56+00:00\",\"breadcrumb\":{\"@id\":\"https:\\\/\\\/cieduca.com.co\\\/?page_id=40#breadcrumb\"},\"inLanguage\":\"es\",\"potentialAction\":[{\"@type\":\"ReadAction\",\"target\":[\"https:\\\/\\\/cieduca.com.co\\\/?page_id=40\"]}]},{\"@type\":\"BreadcrumbList\",\"@id\":\"https:\\\/\\\/cieduca.com.co\\\/?page_id=40#breadcrumb\",\"itemListElement\":[{\"@type\":\"ListItem\",\"position\":1,\"name\":\"Home\",\"item\":\"https:\\\/\\\/cieduca.com.co\\\/\"},{\"@type\":\"ListItem\",\"position\":2,\"name\":\"Contact Us\"}]},{\"@type\":\"WebSite\",\"@id\":\"https:\\\/\\\/cieduca.com.co\\\/#website\",\"url\":\"https:\\\/\\\/cieduca.com.co\\\/\",\"name\":\"Corporaci\u00f3n para la Investigaci\u00f3n y la Educaci\u00f3n\",\"description\":\"Formaci\u00f3n Avanzada\",\"potentialAction\":[{\"@type\":\"SearchAction\",\"target\":{\"@type\":\"EntryPoint\",\"urlTemplate\":\"https:\\\/\\\/cieduca.com.co\\\/?s={search_term_string}\"},\"query-input\":{\"@type\":\"PropertyValueSpecification\",\"valueRequired\":true,\"valueName\":\"search_term_string\"}}],\"inLanguage\":\"es\"}]}<\/script>\n<!-- \/ Yoast SEO plugin. -->","yoast_head_json":{"title":"Contact Us - Corporaci\u00f3n para la Investigaci\u00f3n y la Educaci\u00f3n","robots":{"index":"index","follow":"follow","max-snippet":"max-snippet:-1","max-image-preview":"max-image-preview:large","max-video-preview":"max-video-preview:-1"},"canonical":"https:\/\/cieduca.com.co\/?page_id=40","og_locale":"es_ES","og_type":"article","og_title":"Contact Us - Corporaci\u00f3n para la Investigaci\u00f3n y la Educaci\u00f3n","og_url":"https:\/\/cieduca.com.co\/?page_id=40","og_site_name":"Corporaci\u00f3n para la Investigaci\u00f3n y la Educaci\u00f3n","twitter_card":"summary_large_image","schema":{"@context":"https:\/\/schema.org","@graph":[{"@type":"WebPage","@id":"https:\/\/cieduca.com.co\/?page_id=40","url":"https:\/\/cieduca.com.co\/?page_id=40","name":"Contact Us - Corporaci\u00f3n para la Investigaci\u00f3n y la Educaci\u00f3n","isPartOf":{"@id":"https:\/\/cieduca.com.co\/#website"},"datePublished":"2023-04-25T17:32:56+00:00","breadcrumb":{"@id":"https:\/\/cieduca.com.co\/?page_id=40#breadcrumb"},"inLanguage":"es","potentialAction":[{"@type":"ReadAction","target":["https:\/\/cieduca.com.co\/?page_id=40"]}]},{"@type":"BreadcrumbList","@id":"https:\/\/cieduca.com.co\/?page_id=40#breadcrumb","itemListElement":[{"@type":"ListItem","position":1,"name":"Home","item":"https:\/\/cieduca.com.co\/"},{"@type":"ListItem","position":2,"name":"Contact Us"}]},{"@type":"WebSite","@id":"https:\/\/cieduca.com.co\/#website","url":"https:\/\/cieduca.com.co\/","name":"Corporaci\u00f3n para la Investigaci\u00f3n y la Educaci\u00f3n","description":"Formaci\u00f3n Avanzada","potentialAction":[{"@type":"SearchAction","target":{"@type":"EntryPoint","urlTemplate":"https:\/\/cieduca.com.co\/?s={search_term_string}"},"query-input":{"@type":"PropertyValueSpecification","valueRequired":true,"valueName":"search_term_string"}}],"inLanguage":"es"}]}},"jetpack_sharing_enabled":true,"_links":{"self":[{"href":"https:\/\/cieduca.com.co\/index.php?rest_route=\/wp\/v2\/pages\/40","targetHints":{"allow":["GET"]}}],"collection":[{"href":"https:\/\/cieduca.com.co\/index.php?rest_route=\/wp\/v2\/pages"}],"about":[{"href":"https:\/\/cieduca.com.co\/index.php?rest_route=\/wp\/v2\/types\/page"}],"replies":[{"embeddable":true,"href":"https:\/\/cieduca.com.co\/index.php?rest_route=%2Fwp%2Fv2%2Fcomments&post=40"}],"version-history":[{"count":0,"href":"https:\/\/cieduca.com.co\/index.php?rest_route=\/wp\/v2\/pages\/40\/revisions"}],"wp:attachment":[{"href":"https:\/\/cieduca.com.co\/index.php?rest_route=%2Fwp%2Fv2%2Fmedia&parent=40"}],"curies":[{"name":"wp","href":"https:\/\/api.w.org\/{rel}","templated":true}]}}